{"id":2269,"date":"2015-10-12T13:40:58","date_gmt":"2015-10-12T13:40:58","guid":{"rendered":"http:\/\/www.jasmingundermann.de\/index.php\/biography-3\/"},"modified":"2020-12-14T15:58:47","modified_gmt":"2020-12-14T13:58:47","slug":"biography-3","status":"publish","type":"page","link":"https:\/\/www.jasmingundermann.de\/index.php\/biography-3\/","title":{"rendered":"Unterricht"},"content":{"rendered":"<div class=\"wpb-content-wrapper\"><p>[vc_row iron_row_type=&#8221;in_container&#8221; iron_remove_padding_medium=&#8221;&#8221; iron_remove_padding_small=&#8221;&#8221; iron_overlay_pattern=&#8221;&#8221; iron_parallax=&#8221;&#8221; iron_bg_video=&#8221;&#8221;][vc_column][vc_single_image image=&#8221;2993&#8243; img_size=&#8221;1144&#215;400&#8243; alignment=&#8221;center&#8221;][\/vc_column][\/vc_row][vc_row iron_row_type=&#8221;in_container&#8221; iron_remove_padding_medium=&#8221;&#8221; iron_remove_padding_small=&#8221;&#8221; iron_overlay_pattern=&#8221;&#8221; iron_parallax=&#8221;&#8221; iron_bg_video=&#8221;&#8221; css=&#8221;.vc_custom_1414093583822{padding-bottom: 10px !important;}&#8221;][vc_column][vc_column_text]<\/p>\n<h4 style=\"text-align: center;\">Unterricht<\/h4>\n<p>[\/vc_column_text][\/vc_column][\/vc_row][vc_row iron_row_type=&#8221;in_container&#8221; iron_remove_padding_medium=&#8221;&#8221; iron_remove_padding_small=&#8221;&#8221; iron_overlay_pattern=&#8221;&#8221; iron_parallax=&#8221;&#8221; iron_bg_video=&#8221;&#8221; css=&#8221;.vc_custom_1414089523559{padding-bottom: 70px !important;}&#8221;][vc_column][vc_column_text]Die Freude am Musizieren ist f\u00fcr Jasmin Gundermann die Basis f\u00fcr einen gelungenen Unterricht. Daher ist es ihr sehr wichtig, auf die musikalischen W\u00fcnsche ihrer Sch\u00fcler einzugehen. Seit ihrem Abschluss als Diplommusiklehrerin an der Hochschule f\u00fcr Musik und Theater M\u00fcnchen 2009, unterrichtet Jasmin Gundermann Saxofon und Querfl\u00f6te f\u00fcr Anf\u00e4nger und Fortgeschrittene, sowie Klavier f\u00fcr Anf\u00e4nger. Gemeinsam mit ihren Sch\u00fclern veranstaltet sie regelm\u00e4\u00dfig Konzerte. Aktuelle Unterrichtsorte sind der Musikverein Eichenau und Unterrichtsr\u00e4ume am M\u00fcnchner Ostbahnhof.<\/p>\n<p>Haben Sie Interesse? Vereinbaren Sie Ihre Probestunde mit Jasmin Gundermann.<\/p>\n<p>&nbsp;<\/p>\n<p style=\"text-align: center;\"><strong>fest<\/strong> <a href=\"tel:+498920349491\">+ 49 89 203 494 91<\/a><\/p>\n<p style=\"text-align: center;\"><strong>mobil<\/strong> <a href=\"tel:+4917624710935\">+ 49 176 247 109 35<\/a><\/p>\n<p style=\"text-align: center;\"><strong>e-mail<\/strong> <a href=\"mailto:booking@jasmingundermann.de\">booking@jasmingundermann.de<\/a><\/p>\n<p>[\/vc_column_text][\/vc_column][\/vc_row][vc_row iron_row_type=&#8221;in_container&#8221; iron_remove_padding_medium=&#8221;&#8221; iron_remove_padding_small=&#8221;&#8221; iron_overlay_pattern=&#8221;&#8221; iron_parallax=&#8221;&#8221; iron_bg_video=&#8221;&#8221;][\/vc_row]<\/p>\n<\/div>","protected":false},"excerpt":{"rendered":"<p>[vc_row iron_row_type=&#8221;in_container&#8221; iron_remove_padding_medium=&#8221;&#8221; iron_remove_padding_small=&#8221;&#8221; iron_overlay_pattern=&#8221;&#8221; iron_parallax=&#8221;&#8221; iron_bg_video=&#8221;&#8221;][vc_column][vc_single_image image=&#8221;2993&#8243; img_size=&#8221;1144&#215;400&#8243; alignment=&#8221;center&#8221;][\/vc_column][\/vc_row][vc_row iron_row_type=&#8221;in_container&#8221; iron_remove_padding_medium=&#8221;&#8221; iron_remove_padding_small=&#8221;&#8221; iron_overlay_pattern=&#8221;&#8221; iron_parallax=&#8221;&#8221; iron_bg_video=&#8221;&#8221; css=&#8221;.vc_custom_1414093583822{padding-bottom: 10px !important;}&#8221;][vc_column][vc_column_text] Unterricht [&hellip;]<\/p>\n","protected":false},"author":1,"featured_media":0,"parent":0,"menu_order":9,"comment_status":"open","ping_status":"open","template":"","meta":{"_acf_changed":false,"footnotes":""},"class_list":["post-2269","page","type-page","status-publish","hentry"],"acf":[],"_links":{"self":[{"href":"https:\/\/www.jasmingundermann.de\/index.php\/wp-json\/wp\/v2\/pages\/2269","targetHints":{"allow":["GET"]}}],"collection":[{"href":"https:\/\/www.jasmingundermann.de\/index.php\/wp-json\/wp\/v2\/pages"}],"about":[{"href":"https:\/\/www.jasmingundermann.de\/index.php\/wp-json\/wp\/v2\/types\/page"}],"author":[{"embeddable":true,"href":"https:\/\/www.jasmingundermann.de\/index.php\/wp-json\/wp\/v2\/users\/1"}],"replies":[{"embeddable":true,"href":"https:\/\/www.jasmingundermann.de\/index.php\/wp-json\/wp\/v2\/comments?post=2269"}],"version-history":[{"count":17,"href":"https:\/\/www.jasmingundermann.de\/index.php\/wp-json\/wp\/v2\/pages\/2269\/revisions"}],"predecessor-version":[{"id":2995,"href":"https:\/\/www.jasmingundermann.de\/index.php\/wp-json\/wp\/v2\/pages\/2269\/revisions\/2995"}],"wp:attachment":[{"href":"https:\/\/www.jasmingundermann.de\/index.php\/wp-json\/wp\/v2\/media?parent=2269"}],"curies":[{"name":"wp","href":"https:\/\/api.w.org\/{rel}","templated":true}]}}