{"id":304,"date":"2014-02-11T17:27:30","date_gmt":"2014-02-11T17:27:30","guid":{"rendered":"http:\/\/max.irontemplates.com\/?page_id=304"},"modified":"2020-12-14T15:59:40","modified_gmt":"2020-12-14T13:59:40","slug":"biography","status":"publish","type":"page","link":"https:\/\/www.jasmingundermann.de\/index.php\/biography\/","title":{"rendered":"Biografie"},"content":{"rendered":"<div class=\"wpb-content-wrapper\"><p>[vc_row iron_row_type=&#8221;in_container&#8221; iron_remove_padding_medium=&#8221;&#8221; iron_remove_padding_small=&#8221;&#8221; iron_overlay_pattern=&#8221;&#8221; iron_parallax=&#8221;&#8221; iron_bg_video=&#8221;&#8221;][vc_column][vc_single_image image=&#8221;2994&#8243; img_size=&#8221;1144&#215;400&#8243; alignment=&#8221;center&#8221;][\/vc_column][\/vc_row][vc_row iron_row_type=&#8221;in_container&#8221; iron_remove_padding_medium=&#8221;&#8221; iron_remove_padding_small=&#8221;&#8221; iron_overlay_pattern=&#8221;&#8221; iron_parallax=&#8221;&#8221; iron_bg_video=&#8221;&#8221; css=&#8221;.vc_custom_1414093583822{padding-bottom: 10px !important;}&#8221;][vc_column][vc_column_text]<\/p>\n<h4 style=\"text-align: center;\">Jasmin Gundermann<\/h4>\n<p>[\/vc_column_text][\/vc_column][\/vc_row][vc_row iron_row_type=&#8221;in_container&#8221; iron_remove_padding_medium=&#8221;&#8221; iron_remove_padding_small=&#8221;&#8221; iron_overlay_pattern=&#8221;&#8221; iron_parallax=&#8221;&#8221; iron_bg_video=&#8221;&#8221; css=&#8221;.vc_custom_1414089523559{padding-bottom: 70px !important;}&#8221;][vc_column width=&#8221;1\/2&#8243;][vc_column_text]Ihren eigenen Weg findet sie per Zufall auf dem Flur. Als Jasmin Gundermann 18 ist, liegt eines Tages ein Sopransaxofon in ihrem Elternhaus. Ihr Vater Thomas Gundermann will es verkaufen. Doch Jasmin Gundermann wird neugierig, hebt das Instrument auf, probiert es aus. Der kr\u00e4ftige Klang fasziniert sie. Ein Moment, der ihr Leben entscheidend pr\u00e4gt. Heute steht die 1982 geborene M\u00fcnchnerin haupts\u00e4chlich mit dem Saxofon auf der B\u00fchne.<\/p>\n<p>Die Weichen f\u00fcr ihre Karriere als Musikerin wurden schon viel fr\u00fcher gestellt. Jasmin Gundermann wuchs in einer Musikerfamilie in M\u00fcnchen auf. Ihr Vater, ein klassisch studierter Schlagzeuger, der sich auch mit Jazz, Rock und Weltmusik besch\u00e4ftigt, unterrichtete sie in Klavier und Querfl\u00f6te. Von ihm lernte sie neben Notenlesen und Musiktheorie auch das Spielen nach Geh\u00f6r und das Improvisieren.<br \/>\nIn ihrer Schulzeit spielte sie im Schulorchester und hatte klassischen Querfl\u00f6tenunterricht bei Marina Djordjevic-Koch. Erste Banderfahrung machte sie mit Scarazula, der Mittelalterband ihrer Eltern. Nach dem Abitur ging sie f\u00fcnf Monate nach Indien, wo sie\u00a0 Bansuri (indische Bambusfl\u00f6te) lernte.<\/p>\n<p>Wieder zur\u00fcck in Deutschland fasste Jasmin Gundermann einen Entschluss: Sie wollte Musikerin werden. Wolfgang Wahl bereitete sie auf die Aufnahmepr\u00fcfung f\u00fcr Jazzsaxophon vor.[\/vc_column_text][\/vc_column][vc_column width=&#8221;1\/2&#8243;][vc_column_text]Es folgte ein f\u00fcnfj\u00e4hriges Musikstudium am Richard-Strauss-Konservatorium, der jetzigen Hochschule f\u00fcr Musik und Theater M\u00fcnchen, unter anderem bei Leszek Zadlo und Elisabeth Weinzierl-W\u00e4chter.<\/p>\n<p>Seit ihrem Studienabschluss 2009 ist Jasmin\u00a0Gundermann als Musikerin in verschiedenen Bands und als Musiklehrerin t\u00e4tig. Sie spielt in Duo-Projekten bis hin zur Big Band und fast alle musikalischen Stilrichtungen. Die Spielorte im In- und Ausland variieren von kleinen Privatfeiern bis hin zu gro\u00dfen, bekannten B\u00fchnen wie z.B. Bayrischer Hof in M\u00fcnchen und Jazzfest Berlin. In den letzten Jahren hat\u00a0 Jasmin Gundermann an verschiedenen CD-Produktionen teilgenommen. Ihre Hauptinstrumente sind Altsaxofon, Tenorsaxofon und Querfl\u00f6te, aber gelegentlich spielt sie auch Sopransaxofon, Renaissancequerfl\u00f6te, Bansuri, Dudelsack und Melodica.<\/p>\n<p>Mit zwei Bands hat sie Preise gewonnen: mit der Monika Roscher Big Band den Echo Jazz 2014 \u201eNewcomer des Jahres\u201c und mit der Popa Raff Band den 2. Platz beim Young Classix Award 2015. Zu den Bands, in denen sie in den letzten Jahren gespielt hat, geh\u00f6ren Balkandzukboks, Alamto, Mikes Music Train, Troubleshooters und The Swinging G\u00b4s.[\/vc_column_text][\/vc_column][\/vc_row]<\/p>\n<\/div>","protected":false},"excerpt":{"rendered":"<p>[vc_row iron_row_type=&#8221;in_container&#8221; iron_remove_padding_medium=&#8221;&#8221; iron_remove_padding_small=&#8221;&#8221; iron_overlay_pattern=&#8221;&#8221; iron_parallax=&#8221;&#8221; iron_bg_video=&#8221;&#8221;][vc_column][vc_single_image image=&#8221;2994&#8243; img_size=&#8221;1144&#215;400&#8243; alignment=&#8221;center&#8221;][\/vc_column][\/vc_row][vc_row iron_row_type=&#8221;in_container&#8221; iron_remove_padding_medium=&#8221;&#8221; iron_remove_padding_small=&#8221;&#8221; iron_overlay_pattern=&#8221;&#8221; iron_parallax=&#8221;&#8221; iron_bg_video=&#8221;&#8221; css=&#8221;.vc_custom_1414093583822{padding-bottom: 10px !important;}&#8221;][vc_column][vc_column_text] Jasmin [&hellip;]<\/p>\n","protected":false},"author":1,"featured_media":0,"parent":0,"menu_order":9,"comment_status":"open","ping_status":"open","template":"","meta":{"_acf_changed":false,"footnotes":""},"class_list":["post-304","page","type-page","status-publish","hentry"],"acf":[],"_links":{"self":[{"href":"https:\/\/www.jasmingundermann.de\/index.php\/wp-json\/wp\/v2\/pages\/304","targetHints":{"allow":["GET"]}}],"collection":[{"href":"https:\/\/www.jasmingundermann.de\/index.php\/wp-json\/wp\/v2\/pages"}],"about":[{"href":"https:\/\/www.jasmingundermann.de\/index.php\/wp-json\/wp\/v2\/types\/page"}],"author":[{"embeddable":true,"href":"https:\/\/www.jasmingundermann.de\/index.php\/wp-json\/wp\/v2\/users\/1"}],"replies":[{"embeddable":true,"href":"https:\/\/www.jasmingundermann.de\/index.php\/wp-json\/wp\/v2\/comments?post=304"}],"version-history":[{"count":28,"href":"https:\/\/www.jasmingundermann.de\/index.php\/wp-json\/wp\/v2\/pages\/304\/revisions"}],"predecessor-version":[{"id":2996,"href":"https:\/\/www.jasmingundermann.de\/index.php\/wp-json\/wp\/v2\/pages\/304\/revisions\/2996"}],"wp:attachment":[{"href":"https:\/\/www.jasmingundermann.de\/index.php\/wp-json\/wp\/v2\/media?parent=304"}],"curies":[{"name":"wp","href":"https:\/\/api.w.org\/{rel}","templated":true}]}}